{"id":2503,"date":"2024-04-18T10:40:43","date_gmt":"2024-04-18T10:40:43","guid":{"rendered":"https:\/\/savior.sagetheme.com\/demo27\/?page_id=2503"},"modified":"2025-09-25T13:41:11","modified_gmt":"2025-09-25T13:41:11","slug":"veelbelovende-behandelingen","status":"publish","type":"page","link":"https:\/\/stichtingmuk.nl\/index.php\/veelbelovende-behandelingen\/","title":{"rendered":"De behandelingen"},"content":{"rendered":"\r\n<div class=\"sg-row sg-container sg-element container container-contained\" data-eq=\"1758807618268\">\r\n\t\t\r\n\t<div class=\"row-inner container-inner element-inner\">\r\n\t\t<div class=\"row-wrap container-wrap element-wrap\">\r\n\t\t\t\t\t\t\t\t\t\t\t\t\t\t\t\r\n\t\t\t<div class=\"row-content container-content element-content\">\r\n\t\t\t\t\r\n<div class=\"sg-column sg-container sg-element\" data-eq=\"1758807618269\">\r\n\t\t\r\n\t<div class=\"column-container container\">\r\n\t\t<div class=\"column-inner container-inner element-inner\">\r\n\t\t\t<div class=\"column-wrap container-wrap element-wrap\">\r\n\t\t\t\t\t\t\t\t\t\t\t\t\t\t\t\t\t\t\t\t\r\n\t\t\t\t<div class=\"column-content container-content element-content\">\r\n\t\t\t\t\t\r\n<div class=\"sg-heading sg-element\" data-eq=\"1758807618270\">\r\n\t\t\r\n\t<div class=\"heading-inner element-inner\">\r\n\t\t<div class=\"heading-wrap element-wrap\">\r\n\t\t\t<div class=\"heading-content element-content\">\r\n\t\t\t\t\t\t\t\t\t<div class=\"subtitle typeset-170945773470\">Veelbelovende behandelingen<\/div>\r\n\t\t\t\t\t\t\t\t\r\n\t\t\t\t<h2 class=\"title typeset-170945773471\">Er is hoop voor Muk \u2013 en voor andere kinderen met kinderdementie<\/h2>\t\t\t\t\r\n\t\t\t\t\t\t\t<\/div>\r\n\t\t<\/div>\r\n\t<\/div>\r\n<\/div>\r\n<div class=\"sg-text-block sg-element\" data-eq=\"1758807618271\">\r\n\t\t\r\n\t<div class=\"text-inner element-inner\">\r\n\t\t<div class=\"text-wrap element-wrap\">\r\n\t\t\t<div class=\"text-content element-content\">\r\n\t\t\t\t<p data-start=\"310\" data-end=\"595\">De ziekte van Muk is nu nog ongeneeslijk, maar er is hoop. Wereldwijd werken onderzoekers aan behandelingen die het ziekteverloop kunnen vertragen of in de toekomst misschien zelfs stoppen. Twee van de meest veelbelovende therapie\u00ebn richten zich specifiek op <strong data-start=\"541\" data-end=\"562\">Sanfilippo type A<\/strong> \u2013 het type waar Muk aan lijdt.<\/p>\n<p>Deze therapie\u00ebn zijn nog in ontwikkeling of wachten op goedkeuring. Maar voor kinderen als Muk is wachten geen optie. Daarom zet Stichting Muk zich in om deze behandelingen <strong data-start=\"770\" data-end=\"811\">zo snel mogelijk beschikbaar te maken<\/strong>, ook als offici\u00eble toelating in Nederland nog op zich laat wachten.<\/p>\n<h6><strong>Hieronder lees je meer over de twee meest relevante therapie\u00ebn van dit moment:<\/strong><\/h6>\n\t\t\t<\/div>\r\n\t\t<\/div>\r\n\t<\/div>\r\n<\/div>\t\t\t\t<\/div>\r\n\t\t\t<\/div>\r\n\t\t<\/div>\r\n\t<\/div>\r\n<\/div>\t\t\t<\/div>\r\n\t\t<\/div>\r\n\t<\/div>\r\n<\/div>\r\n<div class=\"sg-row sg-container sg-element container container-contained\" data-eq=\"1758807618272\">\r\n\t\t\r\n\t<div class=\"row-inner container-inner element-inner\">\r\n\t\t<div class=\"row-wrap container-wrap element-wrap\">\r\n\t\t\t<span class=\"ui-background ui-decor\"><\/span>\t\t\t\t\t\t\t\t\t\t\t\t\r\n\t\t\t<div class=\"row-content container-content element-content\">\r\n\t\t\t\t\r\n<div class=\"sg-column sg-container sg-element\" data-eq=\"1758807618273\">\r\n\t\t\r\n\t<div class=\"column-container container\">\r\n\t\t<div class=\"column-inner container-inner element-inner\">\r\n\t\t\t<div class=\"column-wrap container-wrap element-wrap\">\r\n\t\t\t\t\t\t\t\t\t\t\t\t\t\t\t\t\t\t\t\t\r\n\t\t\t\t<div class=\"column-content container-content element-content\">\r\n\t\t\t\t\t\r\n<div class=\"sg-highlight-text sg-element\" data-settings=\"{&quot;strings&quot;:[&quot;Bigger&quot;,&quot;Bolder&quot;,&quot;Animated&quot;]}\" data-eq=\"1758807618274\">\r\n\t\t\r\n\t<div class=\"highlight-inner element-inner\">\r\n\t\t<div class=\"highlight-wrap element-wrap\">\r\n\t\t\t<div class=\"highlight-content element-content\">\r\n\t\t\t\t\t\t\t\t\t<div class=\"subtitle \">UX111<\/div>\r\n\t\t\t\t\t\t\t\t\r\n\t\t\t\t<h2 class=\"title \">Gentherapie van Ultragenyx<\/h2>\t\t\t\t\r\n\t\t\t\t\t\t\t<\/div>\r\n\t\t<\/div>\r\n\t<\/div>\r\n<\/div>\r\n<div class=\"sg-text-block sg-element\" data-eq=\"1758807618275\">\r\n\t\t\r\n\t<div class=\"text-inner element-inner\">\r\n\t\t<div class=\"text-wrap element-wrap\">\r\n\t\t\t<div class=\"text-content element-content\">\r\n\t\t\t\t<p data-start=\"1578\" data-end=\"1721\"><strong data-start=\"1578\" data-end=\"1593\">Wat is het?<\/strong><br data-start=\"1593\" data-end=\"1596\">Een eenmalige gentherapie voor Sanfilippo type A, die een gezond SGSH-gen in het lichaam brengt via een onschadelijk virus.<\/p>\n<p><strong data-start=\"1727\" data-end=\"1745\">Hoe werkt het?<\/strong><br data-start=\"1745\" data-end=\"1748\">Het lichaam gaat hierdoor zelf het ontbrekende enzym aanmaken, hopelijk wordt zo hersenschade vertraagd of zelfs voorkomen.<\/p>\n<p><strong data-start=\"1878\" data-end=\"1901\">Status (aug. 2025):<\/strong><br data-start=\"1901\" data-end=\"1904\">De FDA in de VS beoordeelt op dit moment de aanvraag voor marktgoedkeuring.<\/p>\n<p><strong>Te verwachten goedkeuring:<br \/>\n<\/strong><strong data-start=\"1522\" data-end=\"1539\">VS: eind 2025<\/strong> (FDA)<br \/>\nEU: waarschijnlijk 2026\u20132027 (EMA-traject)<\/p>\n\t\t\t<\/div>\r\n\t\t<\/div>\r\n\t<\/div>\r\n<\/div>\t\t\t\t<\/div>\r\n\t\t\t<\/div>\r\n\t\t<\/div>\r\n\t<\/div>\r\n<\/div>\r\n<div class=\"sg-column sg-container sg-element\" data-eq=\"1758807618276\">\r\n\t\t\r\n\t<div class=\"column-container container\">\r\n\t\t<div class=\"column-inner container-inner element-inner\">\r\n\t\t\t<div class=\"column-wrap container-wrap element-wrap\">\r\n\t\t\t\t\t\t\t\t\t\t\t\t\t\t\t\t\t\t\t\t\r\n\t\t\t\t<div class=\"column-content container-content element-content\">\r\n\t\t\t\t\t\r\n<div class=\"sg-highlight-text sg-element\" data-settings=\"{&quot;strings&quot;:[&quot;Bigger&quot;,&quot;Bolder&quot;,&quot;Animated&quot;]}\" data-eq=\"1758807618277\">\r\n\t\t\r\n\t<div class=\"highlight-inner element-inner\">\r\n\t\t<div class=\"highlight-wrap element-wrap\">\r\n\t\t\t<div class=\"highlight-content element-content\">\r\n\t\t\t\t\t\t\t\t\t<div class=\"subtitle \">DNL126<\/div>\r\n\t\t\t\t\t\t\t\t\r\n\t\t\t\t<h2 class=\"title \">Enzymtherapie van Denali Therapeutics<\/h2>\t\t\t\t\r\n\t\t\t\t\t\t\t<\/div>\r\n\t\t<\/div>\r\n\t<\/div>\r\n<\/div>\r\n<div class=\"sg-text-block sg-element\" data-eq=\"1758807618278\">\r\n\t\t\r\n\t<div class=\"text-inner element-inner\">\r\n\t\t<div class=\"text-wrap element-wrap\">\r\n\t\t\t<div class=\"text-content element-content\">\r\n\t\t\t\t<p data-start=\"2266\" data-end=\"2432\"><strong data-start=\"2266\" data-end=\"2281\">Wat is het?<\/strong><br data-start=\"2281\" data-end=\"2284\">Een baanbrekende enzymtherapie die het ontbrekende enzym direct naar de hersenen brengt met behulp van Enzyme Transport Vehicle (ETV)-technologie.<\/p>\n<p><strong data-start=\"2436\" data-end=\"2454\">Hoe werkt het?<\/strong><br data-start=\"2454\" data-end=\"2457\">DNL126 passeert de bloed-hersenbarri\u00e8re \u2013 iets dat normale enzymtherapie\u00ebn niet kunnen \u2013 en vult het enzym direct in de hersenen aan.<\/p>\n<p><strong data-start=\"2596\" data-end=\"2619\">Status (aug. 2025):<\/strong><br data-start=\"2619\" data-end=\"2622\">Fase 1\/2-klinische studie loopt bij kinderen met Sanfilippo A. Geselecteerd voor het START-programma van de FDA (versnelde ontwikkeling).<\/p>\n<p><strong>Te verwachten goedkeuring:<br \/>\n<\/strong>VS: Eind 2026 of begin 2027, afhankelijk van resultaten fase 1\/2<br \/>\n<strong>EU: <\/strong>2027 mogelijke EMA-goedkeuring<\/p>\n\t\t\t<\/div>\r\n\t\t<\/div>\r\n\t<\/div>\r\n<\/div>\t\t\t\t<\/div>\r\n\t\t\t<\/div>\r\n\t\t<\/div>\r\n\t<\/div>\r\n<\/div>\t\t\t<\/div>\r\n\t\t<\/div>\r\n\t<\/div>\r\n<\/div>\r\n<div class=\"sg-row sg-container sg-element container container-contained\" data-eq=\"1758807618279\">\r\n\t\t\r\n\t<div class=\"row-inner container-inner element-inner\">\r\n\t\t<div class=\"row-wrap container-wrap element-wrap\">\r\n\t\t\t\t\t\t\t\t\t\t\t\t\t\t\t\r\n\t\t\t<div class=\"row-content container-content element-content\">\r\n\t\t\t\t\r\n<div class=\"sg-column sg-container sg-element\" data-eq=\"1758807618280\">\r\n\t\t\r\n\t<div class=\"column-container container\">\r\n\t\t<div class=\"column-inner container-inner element-inner\">\r\n\t\t\t<div class=\"column-wrap container-wrap element-wrap\">\r\n\t\t\t\t\t\t\t\t\t\t\t\t\t\t\t\t\t\t\t\t\r\n\t\t\t\t<div class=\"column-content container-content element-content\">\r\n\t\t\t\t\t\r\n<div class=\"sg-highlight-text sg-element\" data-settings=\"{&quot;strings&quot;:[&quot;Bigger&quot;,&quot;Bolder&quot;,&quot;Animated&quot;]}\" data-eq=\"1758807618281\">\r\n\t\t\r\n\t<div class=\"highlight-inner element-inner\">\r\n\t\t<div class=\"highlight-wrap element-wrap\">\r\n\t\t\t<div class=\"highlight-content element-content\">\r\n\t\t\t\t\t\t\t\t\r\n\t\t\t\t<h2 class=\"title \">Muk kan niet wachten tot 2027<\/h2>\t\t\t\t\r\n\t\t\t\t\t\t\t<\/div>\r\n\t\t<\/div>\r\n\t<\/div>\r\n<\/div>\r\n<div class=\"sg-text-block sg-element\" data-eq=\"1758807618282\">\r\n\t\t\r\n\t<div class=\"text-inner element-inner\">\r\n\t\t<div class=\"text-wrap element-wrap\">\r\n\t\t\t<div class=\"text-content element-content\">\r\n\t\t\t\t<p data-start=\"296\" data-end=\"767\"><span style=\"color: #000000;\">Hoewel er hoopvolle behandelingen in ontwikkeling zijn, komt die hoop voor kinderen als Muk te <\/span>laat als we nu niets doen. UX111, de gentherapie die het verst gevorderd is, wordt naar verwachting eind 2025 goedgekeurd in de Verenigde Staten. Maar goedkeuring in Europa via de EMA laat waarschijnlijk op zich wachten tot <strong data-start=\"623\" data-end=\"631\">2027<\/strong>. Tegen die tijd is Muk <strong data-start=\"655\" data-end=\"669\">6 jaar oud, <\/strong>een leeftijd waarop de schade aan haar hersenen door Sanfilippo al <strong data-start=\"739\" data-end=\"755\">onomkeerbaar<\/strong> kan zijn.<\/p>\n<p>Kinderen met Sanfilippo verliezen op jonge leeftijd cruciale vaardigheden, zoals spraak, motoriek en zelfstandig functioneren. De eerste jaren van achteruitgang zijn vaak het meest bepalend voor de kwaliteit van leven op de langere termijn. Hoe eerder Muk een behandeling krijgt, hoe groter de kans dat die behandeling <strong data-start=\"1088\" data-end=\"1108\">nog effect heeft, <\/strong>dat schade wordt afgeremd of deels voorkomen.<\/p>\n<p>Daarom zetten wij ons nu al in om toegang te krijgen tot deze therapie\u00ebn <strong data-start=\"1233\" data-end=\"1284\">voorafgaand aan de offici\u00eble Europese toelating<\/strong>. Dat vraagt om snelheid, samenwerking \u00e9n financi\u00eble steun. Het geld is nodig v\u00f3\u00f3rdat het \u201cte laat\u201d is, v\u00f3\u00f3rdat kostbare tijd verstrijkt en de ziekte onherstelbare schade aanricht<\/p>\n\t\t\t<\/div>\r\n\t\t<\/div>\r\n\t<\/div>\r\n<\/div>\t\t\t\t<\/div>\r\n\t\t\t<\/div>\r\n\t\t<\/div>\r\n\t<\/div>\r\n<\/div>\t\t\t<\/div>\r\n\t\t<\/div>\r\n\t<\/div>\r\n<\/div>\r\n<div class=\"sg-row sg-container sg-element container container-contained\" data-eq=\"1758807618283\">\r\n\t\t\r\n\t<div class=\"row-inner container-inner element-inner\">\r\n\t\t<div class=\"row-wrap container-wrap element-wrap\">\r\n\t\t\t<span class=\"ui-background ui-decor\"><\/span>\t\t\t\t\t\t\t\t\t\t\t\t\r\n\t\t\t<div class=\"row-content container-content element-content\">\r\n\t\t\t\t\r\n<div class=\"sg-column sg-container sg-element\" data-eq=\"1758807618284\">\r\n\t\t\r\n\t<div class=\"column-container container\">\r\n\t\t<div class=\"column-inner container-inner element-inner\">\r\n\t\t\t<div class=\"column-wrap container-wrap element-wrap\">\r\n\t\t\t\t\t\t\t\t\t\t\t\t\t\t\t\t\t\t\t\t\r\n\t\t\t\t<div class=\"column-content container-content element-content\">\r\n\t\t\t\t\t\r\n<div class=\"sg-highlight-text sg-element\" data-settings=\"{&quot;strings&quot;:[&quot;Bigger&quot;,&quot;Bolder&quot;,&quot;Animated&quot;]}\" data-eq=\"1758807618285\">\r\n\t\t\r\n\t<div class=\"highlight-inner element-inner\">\r\n\t\t<div class=\"highlight-wrap element-wrap\">\r\n\t\t\t<div class=\"highlight-content element-content\">\r\n\t\t\t\t\t\t\t\t\r\n\t\t\t\t<h2 class=\"title \">Waarom we nu actie moeten ondernemen<\/h2>\t\t\t\t\r\n\t\t\t\t\t\t\t<\/div>\r\n\t\t<\/div>\r\n\t<\/div>\r\n<\/div>\r\n<div class=\"sg-text-block sg-element\" data-eq=\"1758807618286\">\r\n\t\t\r\n\t<div class=\"text-inner element-inner\">\r\n\t\t<div class=\"text-wrap element-wrap\">\r\n\t\t\t<div class=\"text-content element-content\">\r\n\t\t\t\t<p>De ziekte van Sanfilippo is progressief en genadeloos. Juist tussen het derde en zesde levensjaar wordt de meeste schade in de hersenen aangericht. Die schade is <strong>onomkeerbaar<\/strong>. Wachten tot 2027 betekent dat de behandelingen voor Muk hoogstwaarschijnlijk&nbsp;te laat zijn.<\/p>\n<p><span style=\"font-family: DM Sans, sans-serif;\">Hoe eerder Muk behandeld kan worden, hoe groter de kans dat de therapie\u00ebn haar kwaliteit van leven daadwerkelijk verbeteren:<br \/>\n<\/span><\/p>\n\t\t\t<\/div>\r\n\t\t<\/div>\r\n\t<\/div>\r\n<\/div>\r\n<div class=\"sg-icon sg-element\" data-eq=\"1758807618287\">\r\n\t\t\r\n\t<div class=\"icon-inner element-inner\">\r\n\t\t<div class=\"icon-wrap element-wrap\">\r\n\t\t\t<div class=\"icon-content element-content\">\r\n\t\t\t\t\t\t\t\t\r\n\t\t\t\t<span class=\"ui-icon ui-icn \">\r\n\t\t\t\t\t<span class=\"icn-inner\">\r\n\t\t\t\t\t\t\t\t\t\t\t\t\r\n\t\t\t\t\t\t<span class=\"icn-wrap\">\r\n\t\t\t\t\t\t\t\t\t\t\t\t\t\t\t<span class=\"icn-primary\"><i class=\"icon icon-savior-love2\"><\/i><\/span>\r\n\t\t\t\t\t\t\t\t<span class=\"icn-secondary\"><i class=\"icon icon-savior-love2\"><\/i><\/span>\r\n\t\t\t\t\t\t\t\t\t\t\t\t\t<\/span>\r\n\t\t\t\t\t<\/span>\r\n\t\t\t\t\t\r\n\t\t\t\t\t\t\t\t\t\t\t<span class=\"icn-txt \">\r\n\t\t\t\t\t\t\tMeer behoud van functies\t\t\t\t\t\t<\/span>\r\n\t\t\t\t\t\t\t\t\t<\/span>\r\n\t\t\t\t\r\n\t\t\t\t\t\t\t\t\r\n\t\t\t\t\t\t\t\t\r\n\t\t\t\t\t\t\t<\/div>\r\n\t\t<\/div>\r\n\t<\/div>\r\n<\/div>\r\n<div class=\"sg-icon sg-element\" data-eq=\"1758807618288\">\r\n\t\t\r\n\t<div class=\"icon-inner element-inner\">\r\n\t\t<div class=\"icon-wrap element-wrap\">\r\n\t\t\t<div class=\"icon-content element-content\">\r\n\t\t\t\t\t\t\t\t\r\n\t\t\t\t<span class=\"ui-icon ui-icn \">\r\n\t\t\t\t\t<span class=\"icn-inner\">\r\n\t\t\t\t\t\t\t\t\t\t\t\t\r\n\t\t\t\t\t\t<span class=\"icn-wrap\">\r\n\t\t\t\t\t\t\t\t\t\t\t\t\t\t\t<span class=\"icn-primary\"><i class=\"icon icon-savior-love2\"><\/i><\/span>\r\n\t\t\t\t\t\t\t\t<span class=\"icn-secondary\"><i class=\"icon icon-savior-love2\"><\/i><\/span>\r\n\t\t\t\t\t\t\t\t\t\t\t\t\t<\/span>\r\n\t\t\t\t\t<\/span>\r\n\t\t\t\t\t\r\n\t\t\t\t\t\t\t\t\t\t\t<span class=\"icn-txt \">\r\n\t\t\t\t\t\t\tVerbetering van levenskwaliteit\t\t\t\t\t\t<\/span>\r\n\t\t\t\t\t\t\t\t\t<\/span>\r\n\t\t\t\t\r\n\t\t\t\t\t\t\t\t\r\n\t\t\t\t\t\t\t\t\r\n\t\t\t\t\t\t\t<\/div>\r\n\t\t<\/div>\r\n\t<\/div>\r\n<\/div>\r\n<div class=\"sg-row sg-container sg-element container\" data-eq=\"1758807618289\">\r\n\t\t\r\n\t<div class=\"row-inner container-inner element-inner\">\r\n\t\t<div class=\"row-wrap container-wrap element-wrap\">\r\n\t\t\t\t\t\t\t\t\t\t\t\t\t\t\t\r\n\t\t\t<div class=\"row-content container-content element-content\">\r\n\t\t\t\t\r\n<div class=\"sg-column sg-container sg-element\" data-eq=\"1758807618290\">\r\n\t\t\r\n\t<div class=\"column-container container\">\r\n\t\t<div class=\"column-inner container-inner element-inner\">\r\n\t\t\t<div class=\"column-wrap container-wrap element-wrap\">\r\n\t\t\t\t\t\t\t\t\t\t\t\t\t\t\t\t\t\t\t\t\r\n\t\t\t\t<div class=\"column-content container-content element-content\">\r\n\t\t\t\t\t\r\n<div class=\"sg-button sg-element style-rounded\" data-eq=\"1758807618291\">\r\n\t\t\r\n\t<div class=\"button-inner element-inner\">\r\n\t\t<div class=\"button-wrap element-wrap\">\r\n\t\t\t<div class=\"button-content element-content\">\r\n\t\t\t\t<a class=\"ui-btn txAnim-slideInYFlow\" href=\"https:\/\/stichtingmuk.nl\/index.php\/steun-muk\/\">\t\t\t\t\r\n\t\t\t\t<span class=\"btn-inner\">\r\n\t\t\t\t\t<span class=\"ui-background ui-decor\"><\/span>\t\t\t\t\t\r\n\t\t\t\t\t<span class=\"btn-wrap\">\r\n\t\t\t\t\t\t\t\t\t\t\t\t\t<span class=\"btn-txt \">\r\n\t\t\t\t\t\t\t\t<span class=\"txt-primary\">Steun Muk<\/span>\r\n\t\t\t\t\t\t\t\t<span class=\"txt-secondary\">Steun Muk<\/span>\r\n\t\t\t\t\t\t\t<\/span>\r\n\t\t\t\t\t\t\t\t\t\t\t\t\r\n\t\t\t\t\t\t\t\t\t\t\t<\/span>\r\n\t\t\t\t<\/span>\r\n\t\t\t\t\r\n\t\t\t\t<\/a>\t\t\t\t\r\n\t\t\t\t\t\t\t\t\r\n\t\t\t\t\t\t\t<\/div>\r\n\t\t<\/div>\r\n\t<\/div>\r\n<\/div>\t\t\t\t<\/div>\r\n\t\t\t<\/div>\r\n\t\t<\/div>\r\n\t<\/div>\r\n<\/div>\r\n<div class=\"sg-column sg-container sg-element\" data-eq=\"1758807618292\">\r\n\t\t\r\n\t<div class=\"column-container container\">\r\n\t\t<div class=\"column-inner container-inner element-inner\">\r\n\t\t\t<div class=\"column-wrap container-wrap element-wrap\">\r\n\t\t\t\t\t\t\t\t\t\t\t\t\t\t\t\t\t\t\t\t\r\n\t\t\t\t<div class=\"column-content container-content element-content\">\r\n\t\t\t\t\t\t\t\t\t<\/div>\r\n\t\t\t<\/div>\r\n\t\t<\/div>\r\n\t<\/div>\r\n<\/div>\r\n<div class=\"sg-column sg-container sg-element\" data-eq=\"1758807618293\">\r\n\t\t\r\n\t<div class=\"column-container container\">\r\n\t\t<div class=\"column-inner container-inner element-inner\">\r\n\t\t\t<div class=\"column-wrap container-wrap element-wrap\">\r\n\t\t\t\t\t\t\t\t\t\t\t\t\t\t\t\t\t\t\t\t\r\n\t\t\t\t<div class=\"column-content container-content element-content\">\r\n\t\t\t\t\t\t\t\t\t<\/div>\r\n\t\t\t<\/div>\r\n\t\t<\/div>\r\n\t<\/div>\r\n<\/div>\r\n<div class=\"sg-column sg-container sg-element\" data-eq=\"1758807618294\">\r\n\t\t\r\n\t<div class=\"column-container container\">\r\n\t\t<div class=\"column-inner container-inner element-inner\">\r\n\t\t\t<div class=\"column-wrap container-wrap element-wrap\">\r\n\t\t\t\t\t\t\t\t\t\t\t\t\t\t\t\t\t\t\t\t\r\n\t\t\t\t<div class=\"column-content container-content element-content\">\r\n\t\t\t\t\t\t\t\t\t<\/div>\r\n\t\t\t<\/div>\r\n\t\t<\/div>\r\n\t<\/div>\r\n<\/div>\r\n<div class=\"sg-column sg-container sg-element\" data-eq=\"1758807618295\">\r\n\t\t\r\n\t<div class=\"column-container container\">\r\n\t\t<div class=\"column-inner container-inner element-inner\">\r\n\t\t\t<div class=\"column-wrap container-wrap element-wrap\">\r\n\t\t\t\t\t\t\t\t\t\t\t\t\t\t\t\t\t\t\t\t\r\n\t\t\t\t<div class=\"column-content container-content element-content\">\r\n\t\t\t\t\t\t\t\t\t<\/div>\r\n\t\t\t<\/div>\r\n\t\t<\/div>\r\n\t<\/div>\r\n<\/div>\t\t\t<\/div>\r\n\t\t<\/div>\r\n\t<\/div>\r\n<\/div>\t\t\t\t<\/div>\r\n\t\t\t<\/div>\r\n\t\t<\/div>\r\n\t<\/div>\r\n<\/div>\t\t\t<\/div>\r\n\t\t<\/div>\r\n\t<\/div>\r\n<\/div>\n","protected":false},"excerpt":{"rendered":"","protected":false},"author":1,"featured_media":0,"parent":0,"menu_order":0,"comment_status":"closed","ping_status":"closed","template":"","meta":{"give_campaign_id":0,"footnotes":""},"class_list":["post-2503","page","type-page","status-publish","hentry"],"campaignId":"","_links":{"self":[{"href":"https:\/\/stichtingmuk.nl\/index.php\/wp-json\/wp\/v2\/pages\/2503","targetHints":{"allow":["GET"]}}],"collection":[{"href":"https:\/\/stichtingmuk.nl\/index.php\/wp-json\/wp\/v2\/pages"}],"about":[{"href":"https:\/\/stichtingmuk.nl\/index.php\/wp-json\/wp\/v2\/types\/page"}],"author":[{"embeddable":true,"href":"https:\/\/stichtingmuk.nl\/index.php\/wp-json\/wp\/v2\/users\/1"}],"replies":[{"embeddable":true,"href":"https:\/\/stichtingmuk.nl\/index.php\/wp-json\/wp\/v2\/comments?post=2503"}],"version-history":[{"count":60,"href":"https:\/\/stichtingmuk.nl\/index.php\/wp-json\/wp\/v2\/pages\/2503\/revisions"}],"predecessor-version":[{"id":3614,"href":"https:\/\/stichtingmuk.nl\/index.php\/wp-json\/wp\/v2\/pages\/2503\/revisions\/3614"}],"wp:attachment":[{"href":"https:\/\/stichtingmuk.nl\/index.php\/wp-json\/wp\/v2\/media?parent=2503"}],"curies":[{"name":"wp","href":"https:\/\/api.w.org\/{rel}","templated":true}]}}